{"id":6705,"date":"2023-11-01T12:53:18","date_gmt":"2023-11-01T12:53:18","guid":{"rendered":"https:\/\/barcelonayogaconference.cat\/?page_id=6705"},"modified":"2025-05-29T20:11:30","modified_gmt":"2025-05-29T20:11:30","slug":"scholarships","status":"publish","type":"page","link":"https:\/\/barcelonayogaconference.cat\/ca\/scholarships\/","title":{"rendered":"Beques BYC"},"content":{"rendered":"<div data-elementor-type=\"wp-page\" data-elementor-id=\"6705\" class=\"elementor elementor-6705\" data-elementor-post-type=\"page\">\n\t\t\t\t\t\t<section class=\"elementor-section elementor-top-section elementor-element elementor-element-39948fba elementor-section-stretched elementor-section-full_width elementor-section-content-middle elementor-section-height-min-height elementor-section-height-default elementor-section-items-middle\" data-id=\"39948fba\" data-element_type=\"section\" data-settings=\"{&quot;stretch_section&quot;:&quot;section-stretched&quot;,&quot;background_background&quot;:&quot;classic&quot;}\">\n\t\t\t\t\t\t\t<div class=\"elementor-background-overlay\"><\/div>\n\t\t\t\t\t\t\t<div class=\"elementor-container elementor-column-gap-no\">\n\t\t\t\t\t<div class=\"elementor-column elementor-col-100 elementor-top-column elementor-element elementor-element-1d1cd50\" data-id=\"1d1cd50\" data-element_type=\"column\">\n\t\t\t<div class=\"elementor-widget-wrap elementor-element-populated\">\n\t\t\t\t\t\t<section class=\"elementor-section elementor-inner-section elementor-element elementor-element-2fe9618a elementor-section-content-middle elementor-section-boxed elementor-section-height-default elementor-section-height-default\" data-id=\"2fe9618a\" data-element_type=\"section\">\n\t\t\t\t\t\t<div class=\"elementor-container elementor-column-gap-extended\">\n\t\t\t\t\t<div class=\"elementor-column elementor-col-100 elementor-inner-column elementor-element elementor-element-629d4c0d\" data-id=\"629d4c0d\" data-element_type=\"column\" data-settings=\"{&quot;animation&quot;:&quot;none&quot;}\">\n\t\t\t<div class=\"elementor-widget-wrap elementor-element-populated\">\n\t\t\t\t\t\t<div class=\"elementor-element elementor-element-16c4f449 elementor-widget__width-initial elementor-invisible elementor-widget elementor-widget-heading\" data-id=\"16c4f449\" data-element_type=\"widget\" data-settings=\"{&quot;_animation&quot;:&quot;slide-up&quot;}\" data-widget_type=\"heading.default\">\n\t\t\t\t<div class=\"elementor-widget-container\">\n\t\t\t\t\t<h1 class=\"elementor-heading-title elementor-size-default\">Beques BYC<\/h1>\t\t\t\t<\/div>\n\t\t\t\t<\/div>\n\t\t\t\t\t<\/div>\n\t\t<\/div>\n\t\t\t\t\t<\/div>\n\t\t<\/section>\n\t\t\t\t<div class=\"elementor-element elementor-element-131f329 elementor-align-center elementor-widget elementor-widget-button\" data-id=\"131f329\" data-element_type=\"widget\" data-widget_type=\"button.default\">\n\t\t\t\t<div class=\"elementor-widget-container\">\n\t\t\t\t\t\t\t\t\t<div class=\"elementor-button-wrapper\">\n\t\t\t\t\t<a class=\"elementor-button elementor-size-lg\" role=\"button\">\n\t\t\t\t\t\t<span class=\"elementor-button-content-wrapper\">\n\t\t\t\t\t\t<span class=\"elementor-button-icon\">\n\t\t\t\t<i aria-hidden=\"true\" class=\"icon icon-pencil\"><\/i>\t\t\t<\/span>\n\t\t\t\t\t\t\t\t\t<span class=\"elementor-button-text\">APPLICATIONS ARE NOW CLOSED<\/span>\n\t\t\t\t\t<\/span>\n\t\t\t\t\t<\/a>\n\t\t\t\t<\/div>\n\t\t\t\t\t\t\t\t<\/div>\n\t\t\t\t<\/div>\n\t\t\t\t\t<\/div>\n\t\t<\/div>\n\t\t\t\t\t<\/div>\n\t\t<\/section>\n\t\t\t\t<section class=\"elementor-section elementor-top-section elementor-element elementor-element-46ad5cf elementor-section-boxed elementor-section-height-default elementor-section-height-default\" data-id=\"46ad5cf\" data-element_type=\"section\">\n\t\t\t\t\t\t<div class=\"elementor-container elementor-column-gap-default\">\n\t\t\t\t\t<div class=\"elementor-column elementor-col-50 elementor-top-column elementor-element elementor-element-5e9c822\" data-id=\"5e9c822\" data-element_type=\"column\">\n\t\t\t<div class=\"elementor-widget-wrap elementor-element-populated\">\n\t\t\t\t\t\t<div class=\"elementor-element elementor-element-58f3648 elementor-invisible elementor-widget elementor-widget-heading\" data-id=\"58f3648\" data-element_type=\"widget\" data-settings=\"{&quot;_animation&quot;:&quot;fadeInUp&quot;}\" data-widget_type=\"heading.default\">\n\t\t\t\t<div class=\"elementor-widget-container\">\n\t\t\t\t\t<h2 class=\"elementor-heading-title elementor-size-default\">ENS AGRADARIA<br> CON\u00c8IXER LA TEVA HIST\u00d2RIA<\/h2>\t\t\t\t<\/div>\n\t\t\t\t<\/div>\n\t\t\t\t\t<\/div>\n\t\t<\/div>\n\t\t\t\t<div class=\"elementor-column elementor-col-50 elementor-top-column elementor-element elementor-element-79c844f\" data-id=\"79c844f\" data-element_type=\"column\">\n\t\t\t<div class=\"elementor-widget-wrap elementor-element-populated\">\n\t\t\t\t\t\t<div class=\"elementor-element elementor-element-212fd00 elementor-widget elementor-widget-heading\" data-id=\"212fd00\" data-element_type=\"widget\" data-widget_type=\"heading.default\">\n\t\t\t\t<div class=\"elementor-widget-container\">\n\t\t\t\t\t<h2 class=\"elementor-heading-title elementor-size-large\">108 beques cada any<\/h2>\t\t\t\t<\/div>\n\t\t\t\t<\/div>\n\t\t\t\t<div class=\"elementor-element elementor-element-411f223 elementor-widget elementor-widget-text-editor\" data-id=\"411f223\" data-element_type=\"widget\" data-widget_type=\"text-editor.default\">\n\t\t\t\t<div class=\"elementor-widget-container\">\n\t\t\t\t\t\t\t\t\t<h6><span style=\"color: var( --e-global-color-text );\">Les sol\u00b7licituds s'obren el primer dia de primavera i romanen disponibles durant un mes complet.\u00a0<\/span><\/h6>\t\t\t\t\t\t\t\t<\/div>\n\t\t\t\t<\/div>\n\t\t\t\t\t<\/div>\n\t\t<\/div>\n\t\t\t\t\t<\/div>\n\t\t<\/section>\n\t\t\t\t<section class=\"elementor-section elementor-top-section elementor-element elementor-element-42082c5 elementor-section-boxed elementor-section-height-default elementor-section-height-default\" data-id=\"42082c5\" data-element_type=\"section\" data-settings=\"{&quot;background_background&quot;:&quot;classic&quot;}\">\n\t\t\t\t\t\t<div class=\"elementor-container elementor-column-gap-default\">\n\t\t\t\t\t<div class=\"elementor-column elementor-col-100 elementor-top-column elementor-element elementor-element-d16dcd2\" data-id=\"d16dcd2\" data-element_type=\"column\">\n\t\t\t<div class=\"elementor-widget-wrap elementor-element-populated\">\n\t\t\t\t\t\t<section class=\"elementor-section elementor-inner-section elementor-element elementor-element-69216bf elementor-section-boxed elementor-section-height-default elementor-section-height-default\" data-id=\"69216bf\" data-element_type=\"section\">\n\t\t\t\t\t\t<div class=\"elementor-container elementor-column-gap-default\">\n\t\t\t\t\t<div class=\"elementor-column elementor-col-33 elementor-inner-column elementor-element elementor-element-1170b95\" data-id=\"1170b95\" data-element_type=\"column\">\n\t\t\t<div class=\"elementor-widget-wrap elementor-element-populated\">\n\t\t\t\t\t\t<div class=\"elementor-element elementor-element-b8d5db8 elementor-align-center elementor-mobile-align-left elementor-icon-list--layout-traditional elementor-list-item-link-full_width elementor-widget elementor-widget-icon-list\" data-id=\"b8d5db8\" data-element_type=\"widget\" data-widget_type=\"icon-list.default\">\n\t\t\t\t<div class=\"elementor-widget-container\">\n\t\t\t\t\t\t\t<ul class=\"elementor-icon-list-items\">\n\t\t\t\t\t\t\t<li class=\"elementor-icon-list-item\">\n\t\t\t\t\t\t\t\t\t\t\t<span class=\"elementor-icon-list-icon\">\n\t\t\t\t\t\t\t<i aria-hidden=\"true\" class=\"fas fa-check\"><\/i>\t\t\t\t\t\t<\/span>\n\t\t\t\t\t\t\t\t\t\t<span class=\"elementor-icon-list-text\">UNA EXPERI\u00c8NCIA \u00daNICA<\/span>\n\t\t\t\t\t\t\t\t\t<\/li>\n\t\t\t\t\t\t<\/ul>\n\t\t\t\t\t\t<\/div>\n\t\t\t\t<\/div>\n\t\t\t\t<div class=\"elementor-element elementor-element-a6e6301 elementor-widget elementor-widget-text-editor\" data-id=\"a6e6301\" data-element_type=\"widget\" data-widget_type=\"text-editor.default\">\n\t\t\t\t<div class=\"elementor-widget-container\">\n\t\t\t\t\t\t\t\t\t<h6>La BYC nom\u00e9s acceptar\u00e0 sol\u00b7licitants nous. No es tindran en compte els participants que hagin rebut beques en edicions anteriors.<\/h6>\t\t\t\t\t\t\t\t<\/div>\n\t\t\t\t<\/div>\n\t\t\t\t\t<\/div>\n\t\t<\/div>\n\t\t\t\t<div class=\"elementor-column elementor-col-33 elementor-inner-column elementor-element elementor-element-2d8bba6\" data-id=\"2d8bba6\" data-element_type=\"column\">\n\t\t\t<div class=\"elementor-widget-wrap elementor-element-populated\">\n\t\t\t\t\t\t<div class=\"elementor-element elementor-element-3da2516 elementor-align-center elementor-mobile-align-left elementor-icon-list--layout-traditional elementor-list-item-link-full_width elementor-widget elementor-widget-icon-list\" data-id=\"3da2516\" data-element_type=\"widget\" data-widget_type=\"icon-list.default\">\n\t\t\t\t<div class=\"elementor-widget-container\">\n\t\t\t\t\t\t\t<ul class=\"elementor-icon-list-items\">\n\t\t\t\t\t\t\t<li class=\"elementor-icon-list-item\">\n\t\t\t\t\t\t\t\t\t\t\t<span class=\"elementor-icon-list-icon\">\n\t\t\t\t\t\t\t<i aria-hidden=\"true\" class=\"fas fa-user\"><\/i>\t\t\t\t\t\t<\/span>\n\t\t\t\t\t\t\t\t\t\t<span class=\"elementor-icon-list-text\">PERSONAL INTRANSFERIBLES<\/span>\n\t\t\t\t\t\t\t\t\t<\/li>\n\t\t\t\t\t\t<\/ul>\n\t\t\t\t\t\t<\/div>\n\t\t\t\t<\/div>\n\t\t\t\t<div class=\"elementor-element elementor-element-90342d0 elementor-widget elementor-widget-text-editor\" data-id=\"90342d0\" data-element_type=\"widget\" data-widget_type=\"text-editor.default\">\n\t\t\t\t<div class=\"elementor-widget-container\">\n\t\t\t\t\t\t\t\t\t<h6>Les beques concedides s\u00f3n espec\u00edfiques per a cada sol\u00b7licitant i nom\u00e9s s\u00f3n v\u00e0lides per a l'any en curs.<\/h6>\t\t\t\t\t\t\t\t<\/div>\n\t\t\t\t<\/div>\n\t\t\t\t\t<\/div>\n\t\t<\/div>\n\t\t\t\t<div class=\"elementor-column elementor-col-33 elementor-inner-column elementor-element elementor-element-37065f3\" data-id=\"37065f3\" data-element_type=\"column\">\n\t\t\t<div class=\"elementor-widget-wrap elementor-element-populated\">\n\t\t\t\t\t\t<div class=\"elementor-element elementor-element-6eabb99 elementor-align-center elementor-mobile-align-left elementor-icon-list--layout-traditional elementor-list-item-link-full_width elementor-widget elementor-widget-icon-list\" data-id=\"6eabb99\" data-element_type=\"widget\" data-widget_type=\"icon-list.default\">\n\t\t\t\t<div class=\"elementor-widget-container\">\n\t\t\t\t\t\t\t<ul class=\"elementor-icon-list-items\">\n\t\t\t\t\t\t\t<li class=\"elementor-icon-list-item\">\n\t\t\t\t\t\t\t\t\t\t\t<span class=\"elementor-icon-list-icon\">\n\t\t\t\t\t\t\t<i aria-hidden=\"true\" class=\"fas fa-star\"><\/i>\t\t\t\t\t\t<\/span>\n\t\t\t\t\t\t\t\t\t\t<span class=\"elementor-icon-list-text\">Aprofundeix en la teva pr\u00e0ctica<\/span>\n\t\t\t\t\t\t\t\t\t<\/li>\n\t\t\t\t\t\t<\/ul>\n\t\t\t\t\t\t<\/div>\n\t\t\t\t<\/div>\n\t\t\t\t<div class=\"elementor-element elementor-element-5c024a0 elementor-widget elementor-widget-text-editor\" data-id=\"5c024a0\" data-element_type=\"widget\" data-widget_type=\"text-editor.default\">\n\t\t\t\t<div class=\"elementor-widget-container\">\n\t\t\t\t\t\t\t\t\t<h6>Aprofita aquesta oportunitat d'embarcar-te en un viatge d'autodescobriment i creixement<\/h6>\t\t\t\t\t\t\t\t<\/div>\n\t\t\t\t<\/div>\n\t\t\t\t\t<\/div>\n\t\t<\/div>\n\t\t\t\t\t<\/div>\n\t\t<\/section>\n\t\t\t\t\t<\/div>\n\t\t<\/div>\n\t\t\t\t\t<\/div>\n\t\t<\/section>\n\t\t\t\t<section class=\"elementor-section elementor-top-section elementor-element elementor-element-a1ea0d5 elementor-section-height-min-height elementor-section-boxed elementor-section-height-default elementor-section-items-middle\" data-id=\"a1ea0d5\" data-element_type=\"section\" data-settings=\"{&quot;background_background&quot;:&quot;classic&quot;}\">\n\t\t\t\t\t\t\t<div class=\"elementor-background-overlay\"><\/div>\n\t\t\t\t\t\t\t<div class=\"elementor-container elementor-column-gap-default\">\n\t\t\t\t\t<div class=\"elementor-column elementor-col-33 elementor-top-column elementor-element elementor-element-b113884\" data-id=\"b113884\" data-element_type=\"column\">\n\t\t\t<div class=\"elementor-widget-wrap elementor-element-populated\">\n\t\t\t\t\t\t<div class=\"elementor-element elementor-element-862c776 elementor-widget elementor-widget-heading\" data-id=\"862c776\" data-element_type=\"widget\" data-widget_type=\"heading.default\">\n\t\t\t\t<div class=\"elementor-widget-container\">\n\t\t\t\t\t<h2 class=\"elementor-heading-title elementor-size-default translation-block\">BEQUES OTORGADES  DES DE 2011<\/h2>\t\t\t\t<\/div>\n\t\t\t\t<\/div>\n\t\t\t\t\t<\/div>\n\t\t<\/div>\n\t\t\t\t<div class=\"elementor-column elementor-col-33 elementor-top-column elementor-element elementor-element-b13c470\" data-id=\"b13c470\" data-element_type=\"column\">\n\t\t\t<div class=\"elementor-widget-wrap elementor-element-populated\">\n\t\t\t\t\t\t<div class=\"elementor-element elementor-element-e0c8c7a elementor-widget elementor-widget-counter\" data-id=\"e0c8c7a\" data-element_type=\"widget\" data-widget_type=\"counter.default\">\n\t\t\t\t<div class=\"elementor-widget-container\">\n\t\t\t\t\t\t\t<div class=\"elementor-counter\">\n\t\t\t<div class=\"elementor-counter-title\">ENTRADA COMPLETA<\/div>\t\t\t<div class=\"elementor-counter-number-wrapper\">\n\t\t\t\t<span class=\"elementor-counter-number-prefix\"><\/span>\n\t\t\t\t<span class=\"elementor-counter-number\" data-duration=\"2000\" data-to-value=\"285\" data-from-value=\"0\" data-delimiter=\",\">0<\/span>\n\t\t\t\t<span class=\"elementor-counter-number-suffix\"><\/span>\n\t\t\t<\/div>\n\t\t<\/div>\n\t\t\t\t\t\t<\/div>\n\t\t\t\t<\/div>\n\t\t\t\t\t<\/div>\n\t\t<\/div>\n\t\t\t\t<div class=\"elementor-column elementor-col-33 elementor-top-column elementor-element elementor-element-d956271\" data-id=\"d956271\" data-element_type=\"column\">\n\t\t\t<div class=\"elementor-widget-wrap elementor-element-populated\">\n\t\t\t\t\t\t<div class=\"elementor-element elementor-element-19518a4 elementor-widget elementor-widget-counter\" data-id=\"19518a4\" data-element_type=\"widget\" data-widget_type=\"counter.default\">\n\t\t\t\t<div class=\"elementor-widget-container\">\n\t\t\t\t\t\t\t<div class=\"elementor-counter\">\n\t\t\t<div class=\"elementor-counter-title\">ENTRADA 50%<\/div>\t\t\t<div class=\"elementor-counter-number-wrapper\">\n\t\t\t\t<span class=\"elementor-counter-number-prefix\"><\/span>\n\t\t\t\t<span class=\"elementor-counter-number\" data-duration=\"2000\" data-to-value=\"412\" data-from-value=\"0\" data-delimiter=\",\">0<\/span>\n\t\t\t\t<span class=\"elementor-counter-number-suffix\"><\/span>\n\t\t\t<\/div>\n\t\t<\/div>\n\t\t\t\t\t\t<\/div>\n\t\t\t\t<\/div>\n\t\t\t\t\t<\/div>\n\t\t<\/div>\n\t\t\t\t\t<\/div>\n\t\t<\/section>\n\t\t\t\t<section class=\"elementor-section elementor-top-section elementor-element elementor-element-4098404 elementor-section-boxed elementor-section-height-default elementor-section-height-default\" data-id=\"4098404\" data-element_type=\"section\">\n\t\t\t\t\t\t<div class=\"elementor-container elementor-column-gap-default\">\n\t\t\t\t\t<div class=\"elementor-column elementor-col-100 elementor-top-column elementor-element elementor-element-a1c7b01\" data-id=\"a1c7b01\" data-element_type=\"column\">\n\t\t\t<div class=\"elementor-widget-wrap\">\n\t\t\t\t\t\t\t<\/div>\n\t\t<\/div>\n\t\t\t\t\t<\/div>\n\t\t<\/section>\n\t\t\t\t<\/div>","protected":false},"excerpt":{"rendered":"<p>BYC Scholarships APPLICATIONS ARE NOW CLOSED WE WOULD LIKE TO HEAR YOUR STORY 108 scholarship every year Applications open on the first day of spring and remain available for a full month.\u00a0 A ONE-TIME EXPERIENCE BYC will only accept new applicants. Participants that have been granted scholarships in earlier editions will not be considered. PERSONAL [&hellip;]<\/p>","protected":false},"author":3,"featured_media":9726,"parent":0,"menu_order":0,"comment_status":"closed","ping_status":"closed","template":"elementor_header_footer","meta":{"inline_featured_image":false,"footnotes":""},"class_list":["post-6705","page","type-page","status-publish","has-post-thumbnail","hentry"],"yoast_head":"<!-- This site is optimized with the Yoast SEO plugin v25.3.1 - https:\/\/yoast.com\/wordpress\/plugins\/seo\/ -->\n<title>BYC Scholarships - Barcelona Yoga Conference<\/title>\n<meta name=\"robots\" content=\"index, follow, max-snippet:-1, max-image-preview:large, max-video-preview:-1\" \/>\n<link rel=\"canonical\" href=\"https:\/\/barcelonayogaconference.cat\/ca\/scholarships\/\" \/>\n<meta property=\"og:locale\" content=\"ca_ES\" \/>\n<meta property=\"og:type\" content=\"article\" \/>\n<meta property=\"og:title\" content=\"BYC Scholarships - Barcelona Yoga Conference\" \/>\n<meta property=\"og:description\" content=\"BYC Scholarships APPLICATIONS ARE NOW CLOSED WE WOULD LIKE TO HEAR YOUR STORY 108 scholarship every year Applications open on the first day of spring and remain available for a full month.\u00a0 A ONE-TIME EXPERIENCE BYC will only accept new applicants. Participants that have been granted scholarships in earlier editions will not be considered. PERSONAL [&hellip;]\" \/>\n<meta property=\"og:url\" content=\"https:\/\/barcelonayogaconference.cat\/ca\/scholarships\/\" \/>\n<meta property=\"og:site_name\" content=\"Barcelona Yoga Conference\" \/>\n<meta property=\"article:modified_time\" content=\"2025-05-29T20:11:30+00:00\" \/>\n<meta property=\"og:image\" content=\"https:\/\/barcelonayogaconference.cat\/wp-content\/uploads\/2023\/11\/356015690_777902617217501_5771728537819442744_n.jpg\" \/>\n\t<meta property=\"og:image:width\" content=\"225\" \/>\n\t<meta property=\"og:image:height\" content=\"225\" \/>\n\t<meta property=\"og:image:type\" content=\"image\/jpeg\" \/>\n<meta name=\"twitter:card\" content=\"summary_large_image\" \/>\n<meta name=\"twitter:label1\" content=\"Temps estimat de lectura\" \/>\n\t<meta name=\"twitter:data1\" content=\"1 minut\" \/>\n<script type=\"application\/ld+json\" class=\"yoast-schema-graph\">{\"@context\":\"https:\/\/schema.org\",\"@graph\":[{\"@type\":\"WebPage\",\"@id\":\"https:\/\/barcelonayogaconference.cat\/scholarships\/\",\"url\":\"https:\/\/barcelonayogaconference.cat\/scholarships\/\",\"name\":\"BYC Scholarships - Barcelona Yoga Conference\",\"isPartOf\":{\"@id\":\"https:\/\/barcelonayogaconference.cat\/#website\"},\"primaryImageOfPage\":{\"@id\":\"https:\/\/barcelonayogaconference.cat\/scholarships\/#primaryimage\"},\"image\":{\"@id\":\"https:\/\/barcelonayogaconference.cat\/scholarships\/#primaryimage\"},\"thumbnailUrl\":\"https:\/\/barcelonayogaconference.cat\/wp-content\/uploads\/2023\/11\/356015690_777902617217501_5771728537819442744_n.jpg\",\"datePublished\":\"2023-11-01T12:53:18+00:00\",\"dateModified\":\"2025-05-29T20:11:30+00:00\",\"breadcrumb\":{\"@id\":\"https:\/\/barcelonayogaconference.cat\/scholarships\/#breadcrumb\"},\"inLanguage\":\"ca\",\"potentialAction\":[{\"@type\":\"ReadAction\",\"target\":[\"https:\/\/barcelonayogaconference.cat\/scholarships\/\"]}]},{\"@type\":\"ImageObject\",\"inLanguage\":\"ca\",\"@id\":\"https:\/\/barcelonayogaconference.cat\/scholarships\/#primaryimage\",\"url\":\"https:\/\/barcelonayogaconference.cat\/wp-content\/uploads\/2023\/11\/356015690_777902617217501_5771728537819442744_n.jpg\",\"contentUrl\":\"https:\/\/barcelonayogaconference.cat\/wp-content\/uploads\/2023\/11\/356015690_777902617217501_5771728537819442744_n.jpg\",\"width\":225,\"height\":225},{\"@type\":\"BreadcrumbList\",\"@id\":\"https:\/\/barcelonayogaconference.cat\/scholarships\/#breadcrumb\",\"itemListElement\":[{\"@type\":\"ListItem\",\"position\":1,\"name\":\"Home\",\"item\":\"https:\/\/barcelonayogaconference.cat\/\"},{\"@type\":\"ListItem\",\"position\":2,\"name\":\"BYC Scholarships\"}]},{\"@type\":\"WebSite\",\"@id\":\"https:\/\/barcelonayogaconference.cat\/#website\",\"url\":\"https:\/\/barcelonayogaconference.cat\/\",\"name\":\"Barcelona Yoga Conference\",\"description\":\"5 full days with world-leading Yoga teachers and musical artists\",\"publisher\":{\"@id\":\"https:\/\/barcelonayogaconference.cat\/#organization\"},\"potentialAction\":[{\"@type\":\"SearchAction\",\"target\":{\"@type\":\"EntryPoint\",\"urlTemplate\":\"https:\/\/barcelonayogaconference.cat\/?s={search_term_string}\"},\"query-input\":{\"@type\":\"PropertyValueSpecification\",\"valueRequired\":true,\"valueName\":\"search_term_string\"}}],\"inLanguage\":\"ca\"},{\"@type\":\"Organization\",\"@id\":\"https:\/\/barcelonayogaconference.cat\/#organization\",\"name\":\"Barcelona Yoga Conference\",\"url\":\"https:\/\/barcelonayogaconference.cat\/\",\"logo\":{\"@type\":\"ImageObject\",\"inLanguage\":\"ca\",\"@id\":\"https:\/\/barcelonayogaconference.cat\/#\/schema\/logo\/image\/\",\"url\":\"https:\/\/barcelonayogaconference.cat\/wp-content\/uploads\/2023\/08\/byc-01.svg\",\"contentUrl\":\"https:\/\/barcelonayogaconference.cat\/wp-content\/uploads\/2023\/08\/byc-01.svg\",\"width\":500,\"height\":130,\"caption\":\"Barcelona Yoga Conference\"},\"image\":{\"@id\":\"https:\/\/barcelonayogaconference.cat\/#\/schema\/logo\/image\/\"}}]}<\/script>\n<!-- \/ Yoast SEO plugin. -->","yoast_head_json":{"title":"BYC Scholarships - Barcelona Yoga Conference","robots":{"index":"index","follow":"follow","max-snippet":"max-snippet:-1","max-image-preview":"max-image-preview:large","max-video-preview":"max-video-preview:-1"},"canonical":"https:\/\/barcelonayogaconference.cat\/ca\/scholarships\/","og_locale":"ca_ES","og_type":"article","og_title":"BYC Scholarships - Barcelona Yoga Conference","og_description":"BYC Scholarships APPLICATIONS ARE NOW CLOSED WE WOULD LIKE TO HEAR YOUR STORY 108 scholarship every year Applications open on the first day of spring and remain available for a full month.\u00a0 A ONE-TIME EXPERIENCE BYC will only accept new applicants. Participants that have been granted scholarships in earlier editions will not be considered. PERSONAL [&hellip;]","og_url":"https:\/\/barcelonayogaconference.cat\/ca\/scholarships\/","og_site_name":"Barcelona Yoga Conference","article_modified_time":"2025-05-29T20:11:30+00:00","og_image":[{"width":225,"height":225,"url":"https:\/\/barcelonayogaconference.cat\/wp-content\/uploads\/2023\/11\/356015690_777902617217501_5771728537819442744_n.jpg","type":"image\/jpeg"}],"twitter_card":"summary_large_image","twitter_misc":{"Temps estimat de lectura":"1 minut"},"schema":{"@context":"https:\/\/schema.org","@graph":[{"@type":"WebPage","@id":"https:\/\/barcelonayogaconference.cat\/scholarships\/","url":"https:\/\/barcelonayogaconference.cat\/scholarships\/","name":"BYC Scholarships - Barcelona Yoga Conference","isPartOf":{"@id":"https:\/\/barcelonayogaconference.cat\/#website"},"primaryImageOfPage":{"@id":"https:\/\/barcelonayogaconference.cat\/scholarships\/#primaryimage"},"image":{"@id":"https:\/\/barcelonayogaconference.cat\/scholarships\/#primaryimage"},"thumbnailUrl":"https:\/\/barcelonayogaconference.cat\/wp-content\/uploads\/2023\/11\/356015690_777902617217501_5771728537819442744_n.jpg","datePublished":"2023-11-01T12:53:18+00:00","dateModified":"2025-05-29T20:11:30+00:00","breadcrumb":{"@id":"https:\/\/barcelonayogaconference.cat\/scholarships\/#breadcrumb"},"inLanguage":"ca","potentialAction":[{"@type":"ReadAction","target":["https:\/\/barcelonayogaconference.cat\/scholarships\/"]}]},{"@type":"ImageObject","inLanguage":"ca","@id":"https:\/\/barcelonayogaconference.cat\/scholarships\/#primaryimage","url":"https:\/\/barcelonayogaconference.cat\/wp-content\/uploads\/2023\/11\/356015690_777902617217501_5771728537819442744_n.jpg","contentUrl":"https:\/\/barcelonayogaconference.cat\/wp-content\/uploads\/2023\/11\/356015690_777902617217501_5771728537819442744_n.jpg","width":225,"height":225},{"@type":"BreadcrumbList","@id":"https:\/\/barcelonayogaconference.cat\/scholarships\/#breadcrumb","itemListElement":[{"@type":"ListItem","position":1,"name":"Home","item":"https:\/\/barcelonayogaconference.cat\/"},{"@type":"ListItem","position":2,"name":"BYC Scholarships"}]},{"@type":"WebSite","@id":"https:\/\/barcelonayogaconference.cat\/#website","url":"https:\/\/barcelonayogaconference.cat\/","name":"Barcelona Yoga Conference","description":"5 full days with world-leading Yoga teachers and musical artists","publisher":{"@id":"https:\/\/barcelonayogaconference.cat\/#organization"},"potentialAction":[{"@type":"SearchAction","target":{"@type":"EntryPoint","urlTemplate":"https:\/\/barcelonayogaconference.cat\/?s={search_term_string}"},"query-input":{"@type":"PropertyValueSpecification","valueRequired":true,"valueName":"search_term_string"}}],"inLanguage":"ca"},{"@type":"Organization","@id":"https:\/\/barcelonayogaconference.cat\/#organization","name":"Barcelona Yoga Conference","url":"https:\/\/barcelonayogaconference.cat\/","logo":{"@type":"ImageObject","inLanguage":"ca","@id":"https:\/\/barcelonayogaconference.cat\/#\/schema\/logo\/image\/","url":"https:\/\/barcelonayogaconference.cat\/wp-content\/uploads\/2023\/08\/byc-01.svg","contentUrl":"https:\/\/barcelonayogaconference.cat\/wp-content\/uploads\/2023\/08\/byc-01.svg","width":500,"height":130,"caption":"Barcelona Yoga Conference"},"image":{"@id":"https:\/\/barcelonayogaconference.cat\/#\/schema\/logo\/image\/"}}]}},"_links":{"self":[{"href":"https:\/\/barcelonayogaconference.cat\/ca\/wp-json\/wp\/v2\/pages\/6705","targetHints":{"allow":["GET"]}}],"collection":[{"href":"https:\/\/barcelonayogaconference.cat\/ca\/wp-json\/wp\/v2\/pages"}],"about":[{"href":"https:\/\/barcelonayogaconference.cat\/ca\/wp-json\/wp\/v2\/types\/page"}],"author":[{"embeddable":true,"href":"https:\/\/barcelonayogaconference.cat\/ca\/wp-json\/wp\/v2\/users\/3"}],"replies":[{"embeddable":true,"href":"https:\/\/barcelonayogaconference.cat\/ca\/wp-json\/wp\/v2\/comments?post=6705"}],"version-history":[{"count":47,"href":"https:\/\/barcelonayogaconference.cat\/ca\/wp-json\/wp\/v2\/pages\/6705\/revisions"}],"predecessor-version":[{"id":13544,"href":"https:\/\/barcelonayogaconference.cat\/ca\/wp-json\/wp\/v2\/pages\/6705\/revisions\/13544"}],"wp:featuredmedia":[{"embeddable":true,"href":"https:\/\/barcelonayogaconference.cat\/ca\/wp-json\/wp\/v2\/media\/9726"}],"wp:attachment":[{"href":"https:\/\/barcelonayogaconference.cat\/ca\/wp-json\/wp\/v2\/media?parent=6705"}],"curies":[{"name":"wp","href":"https:\/\/api.w.org\/{rel}","templated":true}]}}