{"id":6760,"date":"2023-11-01T15:18:24","date_gmt":"2023-11-01T15:18:24","guid":{"rendered":"https:\/\/barcelonayogaconference.cat\/?page_id=6760"},"modified":"2023-11-01T16:03:53","modified_gmt":"2023-11-01T16:03:53","slug":"byc-kids","status":"publish","type":"page","link":"https:\/\/barcelonayogaconference.cat\/ca\/byc-kids\/","title":{"rendered":"BYC KIDS"},"content":{"rendered":"<div data-elementor-type=\"wp-page\" data-elementor-id=\"6760\" class=\"elementor elementor-6760\" data-elementor-post-type=\"page\">\n\t\t\t\t\t\t<section class=\"elementor-section elementor-top-section elementor-element elementor-element-3c0fa517 elementor-section-stretched elementor-section-full_width elementor-section-content-middle elementor-section-height-min-height elementor-section-height-default elementor-section-items-middle\" data-id=\"3c0fa517\" data-element_type=\"section\" data-settings=\"{&quot;stretch_section&quot;:&quot;section-stretched&quot;,&quot;background_background&quot;:&quot;classic&quot;}\">\n\t\t\t\t\t\t\t<div class=\"elementor-background-overlay\"><\/div>\n\t\t\t\t\t\t\t<div class=\"elementor-container elementor-column-gap-no\">\n\t\t\t\t\t<div class=\"elementor-column elementor-col-100 elementor-top-column elementor-element elementor-element-448eb8bf\" data-id=\"448eb8bf\" data-element_type=\"column\">\n\t\t\t<div class=\"elementor-widget-wrap elementor-element-populated\">\n\t\t\t\t\t\t<section class=\"elementor-section elementor-inner-section elementor-element elementor-element-10b05cea elementor-section-content-middle elementor-section-boxed elementor-section-height-default elementor-section-height-default\" data-id=\"10b05cea\" data-element_type=\"section\">\n\t\t\t\t\t\t<div class=\"elementor-container elementor-column-gap-extended\">\n\t\t\t\t\t<div class=\"elementor-column elementor-col-100 elementor-inner-column elementor-element elementor-element-29252bfd\" data-id=\"29252bfd\" data-element_type=\"column\" data-settings=\"{&quot;animation&quot;:&quot;none&quot;}\">\n\t\t\t<div class=\"elementor-widget-wrap elementor-element-populated\">\n\t\t\t\t\t\t<div class=\"elementor-element elementor-element-27ea394 elementor-widget__width-initial elementor-invisible elementor-widget elementor-widget-heading\" data-id=\"27ea394\" data-element_type=\"widget\" data-settings=\"{&quot;_animation&quot;:&quot;slide-up&quot;}\" data-widget_type=\"heading.default\">\n\t\t\t\t<div class=\"elementor-widget-container\">\n\t\t\t\t\t<h1 class=\"elementor-heading-title elementor-size-default\">BYC KIDS<\/h1>\t\t\t\t<\/div>\n\t\t\t\t<\/div>\n\t\t\t\t\t<\/div>\n\t\t<\/div>\n\t\t\t\t\t<\/div>\n\t\t<\/section>\n\t\t\t\t<div class=\"elementor-element elementor-element-5c2703bc elementor-widget elementor-widget-heading\" data-id=\"5c2703bc\" data-element_type=\"widget\" data-widget_type=\"heading.default\">\n\t\t\t\t<div class=\"elementor-widget-container\">\n\t\t\t\t\t<h2 class=\"elementor-heading-title elementor-size-large\">Vine amb els teus fills\nDeixa'ns cuidar-los!<\/h2>\t\t\t\t<\/div>\n\t\t\t\t<\/div>\n\t\t\t\t\t<\/div>\n\t\t<\/div>\n\t\t\t\t\t<\/div>\n\t\t<\/section>\n\t\t\t\t<section class=\"elementor-section elementor-top-section elementor-element elementor-element-6cba93d elementor-section-boxed elementor-section-height-default elementor-section-height-default\" data-id=\"6cba93d\" data-element_type=\"section\">\n\t\t\t\t\t\t<div class=\"elementor-container elementor-column-gap-default\">\n\t\t\t\t\t<div class=\"elementor-column elementor-col-100 elementor-top-column elementor-element elementor-element-65ff3ae\" data-id=\"65ff3ae\" data-element_type=\"column\">\n\t\t\t<div class=\"elementor-widget-wrap\">\n\t\t\t\t\t\t\t<\/div>\n\t\t<\/div>\n\t\t\t\t\t<\/div>\n\t\t<\/section>\n\t\t\t\t<section class=\"elementor-section elementor-top-section elementor-element elementor-element-53bc16bf elementor-section-boxed elementor-section-height-default elementor-section-height-default\" data-id=\"53bc16bf\" data-element_type=\"section\" data-settings=\"{&quot;background_background&quot;:&quot;classic&quot;}\">\n\t\t\t\t\t\t<div class=\"elementor-container elementor-column-gap-default\">\n\t\t\t\t\t<div class=\"elementor-column elementor-col-100 elementor-top-column elementor-element elementor-element-2962af6a\" data-id=\"2962af6a\" data-element_type=\"column\">\n\t\t\t<div class=\"elementor-widget-wrap elementor-element-populated\">\n\t\t\t\t\t\t<section class=\"elementor-section elementor-inner-section elementor-element elementor-element-239d3e30 elementor-section-boxed elementor-section-height-default elementor-section-height-default\" data-id=\"239d3e30\" data-element_type=\"section\">\n\t\t\t\t\t\t<div class=\"elementor-container elementor-column-gap-default\">\n\t\t\t\t\t<div class=\"elementor-column elementor-col-50 elementor-inner-column elementor-element elementor-element-3e166c36\" data-id=\"3e166c36\" data-element_type=\"column\">\n\t\t\t<div class=\"elementor-widget-wrap elementor-element-populated\">\n\t\t\t\t\t\t<div class=\"elementor-element elementor-element-1719c2e elementor-widget elementor-widget-heading\" data-id=\"1719c2e\" data-element_type=\"widget\" data-widget_type=\"heading.default\">\n\t\t\t\t<div class=\"elementor-widget-container\">\n\t\t\t\t\t<h3 class=\"elementor-heading-title elementor-size-xl\">SERVEI DE CURA D'INFANTS GRATU\u00cfT 9 HORES AL DIA<\/h3>\t\t\t\t<\/div>\n\t\t\t\t<\/div>\n\t\t\t\t\t<\/div>\n\t\t<\/div>\n\t\t\t\t<div class=\"elementor-column elementor-col-50 elementor-inner-column elementor-element elementor-element-fbc7c3c\" data-id=\"fbc7c3c\" data-element_type=\"column\">\n\t\t\t<div class=\"elementor-widget-wrap elementor-element-populated\">\n\t\t\t\t\t\t<div class=\"elementor-element elementor-element-71890f79 elementor-widget elementor-widget-text-editor\" data-id=\"71890f79\" data-element_type=\"widget\" data-widget_type=\"text-editor.default\">\n\t\t\t\t<div class=\"elementor-widget-container\">\n\t\t\t\t\t\t\t\t\t<h4>Un equip de ioguis apassionats amb formaci\u00f3 en programaci\u00f3 infantil.<\/h4><h4>Les inscripcions s\u00f3n gratu\u00eftes i es faran in situ a l'arribada.<\/h4>\t\t\t\t\t\t\t\t<\/div>\n\t\t\t\t<\/div>\n\t\t\t\t\t<\/div>\n\t\t<\/div>\n\t\t\t\t\t<\/div>\n\t\t<\/section>\n\t\t\t\t\t<\/div>\n\t\t<\/div>\n\t\t\t\t\t<\/div>\n\t\t<\/section>\n\t\t\t\t<section class=\"elementor-section elementor-top-section elementor-element elementor-element-95c49c9 elementor-section-boxed elementor-section-height-default elementor-section-height-default\" data-id=\"95c49c9\" data-element_type=\"section\" data-settings=\"{&quot;background_background&quot;:&quot;classic&quot;}\">\n\t\t\t\t\t\t<div class=\"elementor-container elementor-column-gap-default\">\n\t\t\t\t\t<div class=\"elementor-column elementor-col-100 elementor-top-column elementor-element elementor-element-4c73cd8\" data-id=\"4c73cd8\" data-element_type=\"column\">\n\t\t\t<div class=\"elementor-widget-wrap elementor-element-populated\">\n\t\t\t\t\t\t<section class=\"elementor-section elementor-inner-section elementor-element elementor-element-d5c41c1 elementor-section-boxed elementor-section-height-default elementor-section-height-default\" data-id=\"d5c41c1\" data-element_type=\"section\">\n\t\t\t\t\t\t<div class=\"elementor-container elementor-column-gap-default\">\n\t\t\t\t\t<div class=\"elementor-column elementor-col-25 elementor-inner-column elementor-element elementor-element-471dbbb\" data-id=\"471dbbb\" data-element_type=\"column\">\n\t\t\t<div class=\"elementor-widget-wrap elementor-element-populated\">\n\t\t\t\t\t\t<div class=\"elementor-element elementor-element-d399a88 elementor-align-center elementor-mobile-align-left elementor-icon-list--layout-traditional elementor-list-item-link-full_width elementor-widget elementor-widget-icon-list\" data-id=\"d399a88\" data-element_type=\"widget\" data-widget_type=\"icon-list.default\">\n\t\t\t\t<div class=\"elementor-widget-container\">\n\t\t\t\t\t\t\t<ul class=\"elementor-icon-list-items\">\n\t\t\t\t\t\t\t<li class=\"elementor-icon-list-item\">\n\t\t\t\t\t\t\t\t\t\t\t<span class=\"elementor-icon-list-icon\">\n\t\t\t\t\t\t\t<i aria-hidden=\"true\" class=\"jki jki-file-text-line\"><\/i>\t\t\t\t\t\t<\/span>\n\t\t\t\t\t\t\t\t\t\t<span class=\"elementor-icon-list-text\">PROGRAMA<\/span>\n\t\t\t\t\t\t\t\t\t<\/li>\n\t\t\t\t\t\t<\/ul>\n\t\t\t\t\t\t<\/div>\n\t\t\t\t<\/div>\n\t\t\t\t<div class=\"elementor-element elementor-element-d6611e8 elementor-widget elementor-widget-text-editor\" data-id=\"d6611e8\" data-element_type=\"widget\" data-widget_type=\"text-editor.default\">\n\t\t\t\t<div class=\"elementor-widget-container\">\n\t\t\t\t\t\t\t\t\t<h6>Les activitats s\u00f3n adaptables i flexibles segons les prefer\u00e8ncies dels nens. Hi ha molt de ioga, dansa, jocs divertits, manualitats, etc.<\/h6>\t\t\t\t\t\t\t\t<\/div>\n\t\t\t\t<\/div>\n\t\t\t\t\t<\/div>\n\t\t<\/div>\n\t\t\t\t<div class=\"elementor-column elementor-col-25 elementor-inner-column elementor-element elementor-element-908f652\" data-id=\"908f652\" data-element_type=\"column\">\n\t\t\t<div class=\"elementor-widget-wrap elementor-element-populated\">\n\t\t\t\t\t\t<div class=\"elementor-element elementor-element-fb5d1d7 elementor-align-center elementor-mobile-align-left elementor-icon-list--layout-traditional elementor-list-item-link-full_width elementor-widget elementor-widget-icon-list\" data-id=\"fb5d1d7\" data-element_type=\"widget\" data-widget_type=\"icon-list.default\">\n\t\t\t\t<div class=\"elementor-widget-container\">\n\t\t\t\t\t\t\t<ul class=\"elementor-icon-list-items\">\n\t\t\t\t\t\t\t<li class=\"elementor-icon-list-item\">\n\t\t\t\t\t\t\t\t\t\t\t<span class=\"elementor-icon-list-icon\">\n\t\t\t\t\t\t\t<i aria-hidden=\"true\" class=\"fas fa-home\"><\/i>\t\t\t\t\t\t<\/span>\n\t\t\t\t\t\t\t\t\t\t<span class=\"elementor-icon-list-text\">ESPAI<\/span>\n\t\t\t\t\t\t\t\t\t<\/li>\n\t\t\t\t\t\t<\/ul>\n\t\t\t\t\t\t<\/div>\n\t\t\t\t<\/div>\n\t\t\t\t<div class=\"elementor-element elementor-element-81d81bd elementor-widget elementor-widget-text-editor\" data-id=\"81d81bd\" data-element_type=\"widget\" data-widget_type=\"text-editor.default\">\n\t\t\t\t<div class=\"elementor-widget-container\">\n\t\t\t\t\t\t\t\t\t<h6>La zona BYC \u00e9s \u00e0mplia i protegida, allunyada dels cotxes i del soroll de la ciutat<\/h6>\t\t\t\t\t\t\t\t<\/div>\n\t\t\t\t<\/div>\n\t\t\t\t\t<\/div>\n\t\t<\/div>\n\t\t\t\t<div class=\"elementor-column elementor-col-25 elementor-inner-column elementor-element elementor-element-78a0580\" data-id=\"78a0580\" data-element_type=\"column\">\n\t\t\t<div class=\"elementor-widget-wrap elementor-element-populated\">\n\t\t\t\t\t\t<div class=\"elementor-element elementor-element-40ef5d7 elementor-align-center elementor-mobile-align-left elementor-icon-list--layout-traditional elementor-list-item-link-full_width elementor-widget elementor-widget-icon-list\" data-id=\"40ef5d7\" data-element_type=\"widget\" data-widget_type=\"icon-list.default\">\n\t\t\t\t<div class=\"elementor-widget-container\">\n\t\t\t\t\t\t\t<ul class=\"elementor-icon-list-items\">\n\t\t\t\t\t\t\t<li class=\"elementor-icon-list-item\">\n\t\t\t\t\t\t\t\t\t\t\t<span class=\"elementor-icon-list-icon\">\n\t\t\t\t\t\t\t<i aria-hidden=\"true\" class=\"far fa-grin-alt\"><\/i>\t\t\t\t\t\t<\/span>\n\t\t\t\t\t\t\t\t\t\t<span class=\"elementor-icon-list-text\">NENS M\u00c9S DE 7 ANYS<\/span>\n\t\t\t\t\t\t\t\t\t<\/li>\n\t\t\t\t\t\t<\/ul>\n\t\t\t\t\t\t<\/div>\n\t\t\t\t<\/div>\n\t\t\t\t<div class=\"elementor-element elementor-element-b130e31 elementor-widget elementor-widget-text-editor\" data-id=\"b130e31\" data-element_type=\"widget\" data-widget_type=\"text-editor.default\">\n\t\t\t\t<div class=\"elementor-widget-container\">\n\t\t\t\t\t\t\t\t\t<h6 class=\"translation-block\">A c\u00e0rrec d'un \u00a0grup comprom\u00e8s designat espec\u00edficament per a cursos per a nens.<br>El BYC no proporcionar\u00e0 \u00e0pats<\/h6>\t\t\t\t\t\t\t\t<\/div>\n\t\t\t\t<\/div>\n\t\t\t\t\t<\/div>\n\t\t<\/div>\n\t\t\t\t<div class=\"elementor-column elementor-col-25 elementor-inner-column elementor-element elementor-element-e198f6a\" data-id=\"e198f6a\" data-element_type=\"column\">\n\t\t\t<div class=\"elementor-widget-wrap elementor-element-populated\">\n\t\t\t\t\t\t<div class=\"elementor-element elementor-element-f58c7e0 elementor-align-center elementor-mobile-align-left elementor-icon-list--layout-traditional elementor-list-item-link-full_width elementor-widget elementor-widget-icon-list\" data-id=\"f58c7e0\" data-element_type=\"widget\" data-widget_type=\"icon-list.default\">\n\t\t\t\t<div class=\"elementor-widget-container\">\n\t\t\t\t\t\t\t<ul class=\"elementor-icon-list-items\">\n\t\t\t\t\t\t\t<li class=\"elementor-icon-list-item\">\n\t\t\t\t\t\t\t\t\t\t\t<span class=\"elementor-icon-list-icon\">\n\t\t\t\t\t\t\t<i aria-hidden=\"true\" class=\"far fa-calendar\"><\/i>\t\t\t\t\t\t<\/span>\n\t\t\t\t\t\t\t\t\t\t<span class=\"elementor-icon-list-text\">HORARIS<\/span>\n\t\t\t\t\t\t\t\t\t<\/li>\n\t\t\t\t\t\t<\/ul>\n\t\t\t\t\t\t<\/div>\n\t\t\t\t<\/div>\n\t\t\t\t<div class=\"elementor-element elementor-element-69d886f elementor-widget elementor-widget-text-editor\" data-id=\"69d886f\" data-element_type=\"widget\" data-widget_type=\"text-editor.default\">\n\t\t\t\t<div class=\"elementor-widget-container\">\n\t\t\t\t\t\t\t\t\t<h6 class=\"translation-block\">Divendres de 10h a 19h<br>Dissabte de 10h a 19h<br>Diumenge de 10h a 19h<\/h6>\t\t\t\t\t\t\t\t<\/div>\n\t\t\t\t<\/div>\n\t\t\t\t\t<\/div>\n\t\t<\/div>\n\t\t\t\t\t<\/div>\n\t\t<\/section>\n\t\t\t\t\t<\/div>\n\t\t<\/div>\n\t\t\t\t\t<\/div>\n\t\t<\/section>\n\t\t\t\t<section class=\"elementor-section elementor-top-section elementor-element elementor-element-d58462f elementor-section-stretched elementor-section-full_width elementor-section-content-middle elementor-section-height-min-height elementor-section-height-default elementor-section-items-middle\" data-id=\"d58462f\" data-element_type=\"section\" data-settings=\"{&quot;stretch_section&quot;:&quot;section-stretched&quot;,&quot;background_background&quot;:&quot;classic&quot;,&quot;background_motion_fx_motion_fx_scrolling&quot;:&quot;yes&quot;,&quot;background_motion_fx_translateY_effect&quot;:&quot;yes&quot;,&quot;motion_fx_motion_fx_scrolling&quot;:&quot;yes&quot;,&quot;background_motion_fx_translateY_speed&quot;:{&quot;unit&quot;:&quot;px&quot;,&quot;size&quot;:4,&quot;sizes&quot;:[]},&quot;background_motion_fx_translateY_affectedRange&quot;:{&quot;unit&quot;:&quot;%&quot;,&quot;size&quot;:&quot;&quot;,&quot;sizes&quot;:{&quot;start&quot;:0,&quot;end&quot;:100}},&quot;background_motion_fx_devices&quot;:[&quot;desktop&quot;,&quot;tablet&quot;,&quot;mobile&quot;],&quot;motion_fx_devices&quot;:[&quot;desktop&quot;,&quot;tablet&quot;,&quot;mobile&quot;]}\">\n\t\t\t\t\t\t\t<div class=\"elementor-background-overlay\"><\/div>\n\t\t\t\t\t\t\t<div class=\"elementor-container elementor-column-gap-no\">\n\t\t\t\t\t<div class=\"elementor-column elementor-col-100 elementor-top-column elementor-element elementor-element-fa98da6\" data-id=\"fa98da6\" data-element_type=\"column\">\n\t\t\t<div class=\"elementor-widget-wrap\">\n\t\t\t\t\t\t\t<\/div>\n\t\t<\/div>\n\t\t\t\t\t<\/div>\n\t\t<\/section>\n\t\t\t\t<\/div>","protected":false},"excerpt":{"rendered":"<p>BYC KIDS Come with your children Let us take care of them! FREE CHILD-CARE SERVICE 9 HOURS A DAY A team of passionate yogis with an educational background in children\u2019s programming. Registrations are free and will be done onsite upon arrival. PROGRAM Activities are adaptable and flexible depending on the kids\u2019 preferences.\u00a0There is plenty of [&hellip;]<\/p>","protected":false},"author":3,"featured_media":9726,"parent":0,"menu_order":0,"comment_status":"closed","ping_status":"closed","template":"elementor_header_footer","meta":{"inline_featured_image":false,"footnotes":""},"class_list":["post-6760","page","type-page","status-publish","has-post-thumbnail","hentry"],"yoast_head":"<!-- This site is optimized with the Yoast SEO plugin v25.3.1 - https:\/\/yoast.com\/wordpress\/plugins\/seo\/ -->\n<title>BYC KIDS - Barcelona Yoga Conference<\/title>\n<meta name=\"robots\" content=\"index, follow, max-snippet:-1, max-image-preview:large, max-video-preview:-1\" \/>\n<link rel=\"canonical\" href=\"https:\/\/barcelonayogaconference.cat\/ca\/byc-kids\/\" \/>\n<meta property=\"og:locale\" content=\"ca_ES\" \/>\n<meta property=\"og:type\" content=\"article\" \/>\n<meta property=\"og:title\" content=\"BYC KIDS - Barcelona Yoga Conference\" \/>\n<meta property=\"og:description\" content=\"BYC KIDS Come with your children Let us take care of them! FREE CHILD-CARE SERVICE 9 HOURS A DAY A team of passionate yogis with an educational background in children\u2019s programming. Registrations are free and will be done onsite upon arrival. PROGRAM Activities are adaptable and flexible depending on the kids\u2019 preferences.\u00a0There is plenty of [&hellip;]\" \/>\n<meta property=\"og:url\" content=\"https:\/\/barcelonayogaconference.cat\/ca\/byc-kids\/\" \/>\n<meta property=\"og:site_name\" content=\"Barcelona Yoga Conference\" \/>\n<meta property=\"article:modified_time\" content=\"2023-11-01T16:03:53+00:00\" \/>\n<meta property=\"og:image\" content=\"https:\/\/barcelonayogaconference.cat\/wp-content\/uploads\/2023\/11\/356015690_777902617217501_5771728537819442744_n.jpg\" \/>\n\t<meta property=\"og:image:width\" content=\"225\" \/>\n\t<meta property=\"og:image:height\" content=\"225\" \/>\n\t<meta property=\"og:image:type\" content=\"image\/jpeg\" \/>\n<meta name=\"twitter:card\" content=\"summary_large_image\" \/>\n<meta name=\"twitter:label1\" content=\"Temps estimat de lectura\" \/>\n\t<meta name=\"twitter:data1\" content=\"1 minut\" \/>\n<script type=\"application\/ld+json\" class=\"yoast-schema-graph\">{\"@context\":\"https:\/\/schema.org\",\"@graph\":[{\"@type\":\"WebPage\",\"@id\":\"https:\/\/barcelonayogaconference.cat\/byc-kids\/\",\"url\":\"https:\/\/barcelonayogaconference.cat\/byc-kids\/\",\"name\":\"BYC KIDS - Barcelona Yoga Conference\",\"isPartOf\":{\"@id\":\"https:\/\/barcelonayogaconference.cat\/#website\"},\"primaryImageOfPage\":{\"@id\":\"https:\/\/barcelonayogaconference.cat\/byc-kids\/#primaryimage\"},\"image\":{\"@id\":\"https:\/\/barcelonayogaconference.cat\/byc-kids\/#primaryimage\"},\"thumbnailUrl\":\"https:\/\/barcelonayogaconference.cat\/wp-content\/uploads\/2023\/11\/356015690_777902617217501_5771728537819442744_n.jpg\",\"datePublished\":\"2023-11-01T15:18:24+00:00\",\"dateModified\":\"2023-11-01T16:03:53+00:00\",\"breadcrumb\":{\"@id\":\"https:\/\/barcelonayogaconference.cat\/byc-kids\/#breadcrumb\"},\"inLanguage\":\"ca\",\"potentialAction\":[{\"@type\":\"ReadAction\",\"target\":[\"https:\/\/barcelonayogaconference.cat\/byc-kids\/\"]}]},{\"@type\":\"ImageObject\",\"inLanguage\":\"ca\",\"@id\":\"https:\/\/barcelonayogaconference.cat\/byc-kids\/#primaryimage\",\"url\":\"https:\/\/barcelonayogaconference.cat\/wp-content\/uploads\/2023\/11\/356015690_777902617217501_5771728537819442744_n.jpg\",\"contentUrl\":\"https:\/\/barcelonayogaconference.cat\/wp-content\/uploads\/2023\/11\/356015690_777902617217501_5771728537819442744_n.jpg\",\"width\":225,\"height\":225},{\"@type\":\"BreadcrumbList\",\"@id\":\"https:\/\/barcelonayogaconference.cat\/byc-kids\/#breadcrumb\",\"itemListElement\":[{\"@type\":\"ListItem\",\"position\":1,\"name\":\"Home\",\"item\":\"https:\/\/barcelonayogaconference.cat\/\"},{\"@type\":\"ListItem\",\"position\":2,\"name\":\"BYC KIDS\"}]},{\"@type\":\"WebSite\",\"@id\":\"https:\/\/barcelonayogaconference.cat\/#website\",\"url\":\"https:\/\/barcelonayogaconference.cat\/\",\"name\":\"Barcelona Yoga Conference\",\"description\":\"5 full days with world-leading Yoga teachers and musical artists\",\"publisher\":{\"@id\":\"https:\/\/barcelonayogaconference.cat\/#organization\"},\"potentialAction\":[{\"@type\":\"SearchAction\",\"target\":{\"@type\":\"EntryPoint\",\"urlTemplate\":\"https:\/\/barcelonayogaconference.cat\/?s={search_term_string}\"},\"query-input\":{\"@type\":\"PropertyValueSpecification\",\"valueRequired\":true,\"valueName\":\"search_term_string\"}}],\"inLanguage\":\"ca\"},{\"@type\":\"Organization\",\"@id\":\"https:\/\/barcelonayogaconference.cat\/#organization\",\"name\":\"Barcelona Yoga Conference\",\"url\":\"https:\/\/barcelonayogaconference.cat\/\",\"logo\":{\"@type\":\"ImageObject\",\"inLanguage\":\"ca\",\"@id\":\"https:\/\/barcelonayogaconference.cat\/#\/schema\/logo\/image\/\",\"url\":\"https:\/\/barcelonayogaconference.cat\/wp-content\/uploads\/2023\/08\/byc-01.svg\",\"contentUrl\":\"https:\/\/barcelonayogaconference.cat\/wp-content\/uploads\/2023\/08\/byc-01.svg\",\"width\":500,\"height\":130,\"caption\":\"Barcelona Yoga Conference\"},\"image\":{\"@id\":\"https:\/\/barcelonayogaconference.cat\/#\/schema\/logo\/image\/\"}}]}<\/script>\n<!-- \/ Yoast SEO plugin. -->","yoast_head_json":{"title":"BYC KIDS - Barcelona Yoga Conference","robots":{"index":"index","follow":"follow","max-snippet":"max-snippet:-1","max-image-preview":"max-image-preview:large","max-video-preview":"max-video-preview:-1"},"canonical":"https:\/\/barcelonayogaconference.cat\/ca\/byc-kids\/","og_locale":"ca_ES","og_type":"article","og_title":"BYC KIDS - Barcelona Yoga Conference","og_description":"BYC KIDS Come with your children Let us take care of them! FREE CHILD-CARE SERVICE 9 HOURS A DAY A team of passionate yogis with an educational background in children\u2019s programming. Registrations are free and will be done onsite upon arrival. PROGRAM Activities are adaptable and flexible depending on the kids\u2019 preferences.\u00a0There is plenty of [&hellip;]","og_url":"https:\/\/barcelonayogaconference.cat\/ca\/byc-kids\/","og_site_name":"Barcelona Yoga Conference","article_modified_time":"2023-11-01T16:03:53+00:00","og_image":[{"width":225,"height":225,"url":"https:\/\/barcelonayogaconference.cat\/wp-content\/uploads\/2023\/11\/356015690_777902617217501_5771728537819442744_n.jpg","type":"image\/jpeg"}],"twitter_card":"summary_large_image","twitter_misc":{"Temps estimat de lectura":"1 minut"},"schema":{"@context":"https:\/\/schema.org","@graph":[{"@type":"WebPage","@id":"https:\/\/barcelonayogaconference.cat\/byc-kids\/","url":"https:\/\/barcelonayogaconference.cat\/byc-kids\/","name":"BYC KIDS - Barcelona Yoga Conference","isPartOf":{"@id":"https:\/\/barcelonayogaconference.cat\/#website"},"primaryImageOfPage":{"@id":"https:\/\/barcelonayogaconference.cat\/byc-kids\/#primaryimage"},"image":{"@id":"https:\/\/barcelonayogaconference.cat\/byc-kids\/#primaryimage"},"thumbnailUrl":"https:\/\/barcelonayogaconference.cat\/wp-content\/uploads\/2023\/11\/356015690_777902617217501_5771728537819442744_n.jpg","datePublished":"2023-11-01T15:18:24+00:00","dateModified":"2023-11-01T16:03:53+00:00","breadcrumb":{"@id":"https:\/\/barcelonayogaconference.cat\/byc-kids\/#breadcrumb"},"inLanguage":"ca","potentialAction":[{"@type":"ReadAction","target":["https:\/\/barcelonayogaconference.cat\/byc-kids\/"]}]},{"@type":"ImageObject","inLanguage":"ca","@id":"https:\/\/barcelonayogaconference.cat\/byc-kids\/#primaryimage","url":"https:\/\/barcelonayogaconference.cat\/wp-content\/uploads\/2023\/11\/356015690_777902617217501_5771728537819442744_n.jpg","contentUrl":"https:\/\/barcelonayogaconference.cat\/wp-content\/uploads\/2023\/11\/356015690_777902617217501_5771728537819442744_n.jpg","width":225,"height":225},{"@type":"BreadcrumbList","@id":"https:\/\/barcelonayogaconference.cat\/byc-kids\/#breadcrumb","itemListElement":[{"@type":"ListItem","position":1,"name":"Home","item":"https:\/\/barcelonayogaconference.cat\/"},{"@type":"ListItem","position":2,"name":"BYC KIDS"}]},{"@type":"WebSite","@id":"https:\/\/barcelonayogaconference.cat\/#website","url":"https:\/\/barcelonayogaconference.cat\/","name":"Barcelona Yoga Conference","description":"5 full days with world-leading Yoga teachers and musical artists","publisher":{"@id":"https:\/\/barcelonayogaconference.cat\/#organization"},"potentialAction":[{"@type":"SearchAction","target":{"@type":"EntryPoint","urlTemplate":"https:\/\/barcelonayogaconference.cat\/?s={search_term_string}"},"query-input":{"@type":"PropertyValueSpecification","valueRequired":true,"valueName":"search_term_string"}}],"inLanguage":"ca"},{"@type":"Organization","@id":"https:\/\/barcelonayogaconference.cat\/#organization","name":"Barcelona Yoga Conference","url":"https:\/\/barcelonayogaconference.cat\/","logo":{"@type":"ImageObject","inLanguage":"ca","@id":"https:\/\/barcelonayogaconference.cat\/#\/schema\/logo\/image\/","url":"https:\/\/barcelonayogaconference.cat\/wp-content\/uploads\/2023\/08\/byc-01.svg","contentUrl":"https:\/\/barcelonayogaconference.cat\/wp-content\/uploads\/2023\/08\/byc-01.svg","width":500,"height":130,"caption":"Barcelona Yoga Conference"},"image":{"@id":"https:\/\/barcelonayogaconference.cat\/#\/schema\/logo\/image\/"}}]}},"_links":{"self":[{"href":"https:\/\/barcelonayogaconference.cat\/ca\/wp-json\/wp\/v2\/pages\/6760","targetHints":{"allow":["GET"]}}],"collection":[{"href":"https:\/\/barcelonayogaconference.cat\/ca\/wp-json\/wp\/v2\/pages"}],"about":[{"href":"https:\/\/barcelonayogaconference.cat\/ca\/wp-json\/wp\/v2\/types\/page"}],"author":[{"embeddable":true,"href":"https:\/\/barcelonayogaconference.cat\/ca\/wp-json\/wp\/v2\/users\/3"}],"replies":[{"embeddable":true,"href":"https:\/\/barcelonayogaconference.cat\/ca\/wp-json\/wp\/v2\/comments?post=6760"}],"version-history":[{"count":12,"href":"https:\/\/barcelonayogaconference.cat\/ca\/wp-json\/wp\/v2\/pages\/6760\/revisions"}],"predecessor-version":[{"id":10231,"href":"https:\/\/barcelonayogaconference.cat\/ca\/wp-json\/wp\/v2\/pages\/6760\/revisions\/10231"}],"wp:featuredmedia":[{"embeddable":true,"href":"https:\/\/barcelonayogaconference.cat\/ca\/wp-json\/wp\/v2\/media\/9726"}],"wp:attachment":[{"href":"https:\/\/barcelonayogaconference.cat\/ca\/wp-json\/wp\/v2\/media?parent=6760"}],"curies":[{"name":"wp","href":"https:\/\/api.w.org\/{rel}","templated":true}]}}